{"id":12,"date":"2013-11-18T19:24:11","date_gmt":"2013-11-18T18:24:11","guid":{"rendered":"http:\/\/peter-krick.de\/claussnitzer\/?page_id=12"},"modified":"2026-02-12T10:59:39","modified_gmt":"2026-02-12T09:59:39","slug":"unternehmen","status":"publish","type":"page","link":"https:\/\/claussnitzer-waagen.de\/?page_id=12","title":{"rendered":"Unternehmen"},"content":{"rendered":"<h1><span style=\"color: #ffffff;\">Eine Firma mit \u201eGewicht&#8220;<\/span><\/h1>\n<p>Es war der 1. September 1951, als Mechanikermeister<strong> Walter Clau\u00dfnitzer<\/strong> in der B\u00fcrgerstra\u00dfe in<strong> Dresden<\/strong> die Firma \u201e<strong>Waagen Clau\u00dfnitzer<\/strong>\u201c gr\u00fcndetet. 1958 zog der Reparaturbetrieb f\u00fcr Waagen aller Art (<strong>Handel, Industrie, Medizin<\/strong>) in die <strong>Leisniger Str. 9 in Dresden \/ Sachsen<\/strong>\u00a0um wo sie sich auch heute noch befindet.<\/p>\n<p style=\"text-align: center;\"><a href=\"https:\/\/claussnitzer-waagen.de\/wp-content\/uploads\/2013\/11\/Firma_Frueher.jpg\"><img decoding=\"async\" loading=\"lazy\" class=\"size-medium wp-image-51 aligncenter\" src=\"https:\/\/claussnitzer-waagen.de\/wp-content\/uploads\/2013\/11\/Firma_Frueher-300x202.jpg\" alt=\"Firma_Frueher\" width=\"300\" height=\"202\" srcset=\"https:\/\/claussnitzer-waagen.de\/wp-content\/uploads\/2013\/11\/Firma_Frueher-300x202.jpg 300w, https:\/\/claussnitzer-waagen.de\/wp-content\/uploads\/2013\/11\/Firma_Frueher.jpg 546w\" sizes=\"(max-width: 300px) 100vw, 300px\" \/><\/a><\/p>\n<p>1983 \u00fcbernahm sein Schwiegersohn Karl-Heinz Baatzsch ebenfalls Waagenbaumeister die Gesch\u00e4fte und Leitung der Firma. Diese beiden starken Handwerksmeister f\u00fchrten das Familienunternehmen durch die schwierige DDR Zeit. 1989\/90 war es die<span style=\"color: #000080;\"><strong> Firma Clau\u00dfnitzer<\/strong><\/span>, die mit Partnern die ersten<strong> METTLER TOLEDO<\/strong> Waagen und <strong>Schneidemaschinen<\/strong> der Firma<strong> Graef<\/strong> in den \u201eneuen Markt\u201c einf\u00fchrten.<\/p>\n<p style=\"text-align: center;\"><a href=\"https:\/\/claussnitzer-waagen.de\/wp-content\/uploads\/2013\/11\/Firma_Heute.jpg\"><img decoding=\"async\" loading=\"lazy\" class=\"size-medium wp-image-53 aligncenter\" src=\"https:\/\/claussnitzer-waagen.de\/wp-content\/uploads\/2013\/11\/Firma_Heute-300x224.jpg\" alt=\"Firma_Heute\" width=\"300\" height=\"224\" srcset=\"https:\/\/claussnitzer-waagen.de\/wp-content\/uploads\/2013\/11\/Firma_Heute-300x224.jpg 300w, https:\/\/claussnitzer-waagen.de\/wp-content\/uploads\/2013\/11\/Firma_Heute.jpg 522w\" sizes=\"(max-width: 300px) 100vw, 300px\" \/><\/a><\/p>\n<p>Herr Baatzsch war es auch, der den Vertrieb und Service im Wesentlichen nach der Wende erweiterte. Dazu geh\u00f6rte die Betreuung des gesamten Lebensmittelbereichs von Fleischereibetrieben, \u00fcber Hofl\u00e4den, B\u00e4ckereien, Feinkost bis hin zum Gro\u00dffilialisten. Unsere Dienstleistungen reichen von der kompetenten Beratung \u00fcber die Installation bis zur Wartung der Ger\u00e4te. Dank jahrzehntelanger hervorragender Zusammenarbeit mit markenf\u00fchrenden Unternehmen in der W\u00e4getechnik, Kassentechnik sowie der Schneidetechnik im Lebensmittelbereich verf\u00fcgen wir \u00fcber umfangreiche Erfahrungen im Umgang mit den verschiedensten technischen Ger\u00e4ten. Dazu geh\u00f6rt auch die<strong> Eichvorbereitung sowie die Reparatur geeichter Waagen im Handel, in der Industrie sowie in der Medizintechnik.<\/strong><\/p>\n<h4 style=\"text-align: center;\"><span style=\"color: #ffffff;\">Die Firma Clau\u00dfnitzer ist\u00a0<strong> Mitglied der <\/strong><strong>FOODSYSTEC\u00a0(<\/strong>\u00a0eine Genossenschaft von Waagenfachh\u00e4ndlern )<\/span><\/h4>\n<h4><span style=\"color: #ffffff;\"><strong>\u00a0 \u00a0 \u00a0 \u00a0 \u00a0 \u00a0 \u00a0 &#8211; Premiumpartner f\u00fcr METTLER TOLEDO <a href=\"https:\/\/claussnitzer-waagen.de\/wp-content\/uploads\/2024\/12\/Claussnitzer-2025.jpg\"><img decoding=\"async\" loading=\"lazy\" class=\"aligncenter size-medium wp-image-646\" src=\"https:\/\/claussnitzer-waagen.de\/wp-content\/uploads\/2024\/12\/Claussnitzer-2025-300x300.jpg\" alt=\"\" width=\"300\" height=\"300\" srcset=\"https:\/\/claussnitzer-waagen.de\/wp-content\/uploads\/2024\/12\/Claussnitzer-2025-300x300.jpg 300w, https:\/\/claussnitzer-waagen.de\/wp-content\/uploads\/2024\/12\/Claussnitzer-2025-150x150.jpg 150w, https:\/\/claussnitzer-waagen.de\/wp-content\/uploads\/2024\/12\/Claussnitzer-2025.jpg 473w\" sizes=\"(max-width: 300px) 100vw, 300px\" \/><\/a>Waagen der FOODSYSTEC<\/strong><\/span><\/h4>\n<h4><span style=\"color: #ffffff;\"><strong>\u00a0 \u00a0 \u00a0 \u00a0 \u00a0 \u00a0 \u00a0 \u00a0 \u00a0 \u00a0 \u00a0 \u00a0 \u00a0 <\/strong><strong>&#8211; Premiumpartner der Firma Graef f\u00fcr Aufschnittmaschinen<\/strong><\/span><\/h4>\n<p><span style=\"color: #ffffff;\">Sprechen Sie uns an. Wir beraten Sie gern.<\/span><a href=\"https:\/\/claussnitzer-waagen.de\/wp-content\/uploads\/2013\/11\/graef-premium-partner.png\"><img decoding=\"async\" loading=\"lazy\" class=\"wp-image-296 aligncenter\" src=\"https:\/\/claussnitzer-waagen.de\/wp-content\/uploads\/2013\/11\/graef-premium-partner.png\" alt=\"graef-premium-partner\" width=\"299\" height=\"177\" \/><\/a><a href=\"https:\/\/claussnitzer-waagen.de\/wp-content\/uploads\/2019\/01\/Foodsystec.jpg\"><img decoding=\"async\" loading=\"lazy\" class=\"aligncenter  wp-image-352\" src=\"https:\/\/claussnitzer-waagen.de\/wp-content\/uploads\/2019\/01\/Foodsystec.jpg\" alt=\"\" width=\"273\" height=\"260\" \/><\/a><\/p>\n","protected":false},"excerpt":{"rendered":"<p>Eine Firma mit \u201eGewicht&#8220; Es war der 1. September 1951, als Mechanikermeister Walter Clau\u00dfnitzer in der B\u00fcrgerstra\u00dfe in Dresden die Firma \u201eWaagen Clau\u00dfnitzer\u201c gr\u00fcndetet. 1958 zog der Reparaturbetrieb f\u00fcr Waagen aller Art (Handel, Industrie, Medizin) in die Leisniger Str. 9 in Dresden \/ Sachsen\u00a0um wo sie sich auch heute noch befindet. 1983 \u00fcbernahm sein Schwiegersohn &hellip; <\/p>\n<p><a class=\"more-link btn\" href=\"https:\/\/claussnitzer-waagen.de\/?page_id=12\">Weiterlesen<\/a><\/p>\n","protected":false},"author":1,"featured_media":0,"parent":0,"menu_order":0,"comment_status":"open","ping_status":"open","template":"","meta":[],"_links":{"self":[{"href":"https:\/\/claussnitzer-waagen.de\/index.php?rest_route=\/wp\/v2\/pages\/12"}],"collection":[{"href":"https:\/\/claussnitzer-waagen.de\/index.php?rest_route=\/wp\/v2\/pages"}],"about":[{"href":"https:\/\/claussnitzer-waagen.de\/index.php?rest_route=\/wp\/v2\/types\/page"}],"author":[{"embeddable":true,"href":"https:\/\/claussnitzer-waagen.de\/index.php?rest_route=\/wp\/v2\/users\/1"}],"replies":[{"embeddable":true,"href":"https:\/\/claussnitzer-waagen.de\/index.php?rest_route=%2Fwp%2Fv2%2Fcomments&post=12"}],"version-history":[{"count":32,"href":"https:\/\/claussnitzer-waagen.de\/index.php?rest_route=\/wp\/v2\/pages\/12\/revisions"}],"predecessor-version":[{"id":650,"href":"https:\/\/claussnitzer-waagen.de\/index.php?rest_route=\/wp\/v2\/pages\/12\/revisions\/650"}],"wp:attachment":[{"href":"https:\/\/claussnitzer-waagen.de\/index.php?rest_route=%2Fwp%2Fv2%2Fmedia&parent=12"}],"curies":[{"name":"wp","href":"https:\/\/api.w.org\/{rel}","templated":true}]}}