{"id":15,"date":"2013-11-18T19:25:06","date_gmt":"2013-11-18T18:25:06","guid":{"rendered":"http:\/\/peter-krick.de\/claussnitzer\/?page_id=15"},"modified":"2023-08-02T21:19:12","modified_gmt":"2023-08-02T20:19:12","slug":"waagen","status":"publish","type":"page","link":"https:\/\/claussnitzer-waagen.de\/?page_id=15","title":{"rendered":"PC-Waagen"},"content":{"rendered":"<h1 style=\"text-align: center;\"><\/h1>\n<h1 style=\"text-align: center;\"><\/h1>\n<h1 style=\"text-align: center;\"><span style=\"color: #ffffff;\"><strong><em><span style=\"text-decoration: underline;\">Mettler-Toledo Fresh Way Line PC-Waagen der n\u00e4chsten Generation mit TSE ( Technische Sicherheitseinrichtung )<\/span><\/em><\/strong><\/span><\/h1>\n<p><img decoding=\"async\" loading=\"lazy\" src=\"https:\/\/media.mt.com\/dam\/product_organizations\/Retail\/Retail%20Product%20Pages%202016\/freshway_small.jpg\/_jcr_content\/renditions\/cq5dam.web.1280.1280.jpeg\" alt=\"FreshWay\" width=\"211\" height=\"210\" \/><img decoding=\"async\" loading=\"lazy\" class=\" aligncenter\" src=\"https:\/\/media.mt.com\/de\/de\/home\/products\/retail-weighing-scales\/counter_scales\/freshway_tower\/_jcr_content\/productlinetabs\/overviewpltoppar\/standalonemoodimage_671907395\/image.webImage.file.png\" alt=\"FreshWay\" width=\"256\" height=\"208\" \/><\/p>\n<p><strong>FreshWay T sowie die FreshWay V \u00a0ist die neue METTLER TOLEDO Touchscreen-Waage f\u00fcr anspruchsvolle Unternehmen des Lebensmitteleinzelhandels. <\/strong><\/p>\n<h1 style=\"text-align: center;\"><span style=\"text-decoration: underline; color: #ffffff;\"><em><strong>Mettler &#8211; Toledo FreshBase Tower mit Kundendisplay und TSE\u00a0<\/strong><\/em><\/span><\/h1>\n<p><img decoding=\"async\" src=\"https:\/\/media.mt.com\/dam\/product_organizations\/Retail\/2017ProductPages\/FB_T_new.png\/_jcr_content\/renditions\/cq5dam.web.1280.1280.png\" alt=\"FreshBase \" \/><img decoding=\"async\" loading=\"lazy\" src=\"https:\/\/media.mt.com\/dam\/product_organizations\/Retail\/Retail%20Product%20Pages%202016\/FreshBase_BAS_functionality_thumb.jpg\/_jcr_content\/renditions\/cq5dam.web.1280.1280.jpeg\" alt=\"FreshBase Tower\" width=\"273\" height=\"298\" \/><\/p>\n<div class=\"text parbase section\">\n<p><b>Eigenschaften und Vorteile<\/b><\/p>\n<\/div>\n<div class=\"textimage section\">\n<div class=\"textimage_row product_info\">\n<div class=\"textimage_cell\">\n<p><b>Robuste Bauweise : <em><span style=\"text-decoration: underline;\"> Aluminiumdruckguss-Geh\u00e4use\u00a0<\/span><\/em><br \/>\n<\/b><\/p>\n<\/div>\n<div class=\"textimage_cell\">\n<div class=\"imageDiv\"><img decoding=\"async\" src=\"https:\/\/media.mt.com\/dam\/product_organizations\/Retail\/Retail%20Product%20Pages%202016\/FreshBase_BAS_robust_thumb.jpg\/_jcr_content\/renditions\/cq5dam.web.1280.1280.jpeg\" alt=\"FreshBase Tower\" \/><\/div>\n<\/div>\n<\/div>\n<div class=\"clear_all\"><\/div>\n<\/div>\n<div class=\"textimage section\">\n<div class=\"textimage_row product_info\">\n<div class=\"textimage_cell\">\n<h2><b>Einfache Bedienbarkeit<br \/>\n<\/b><\/h2>\n<p>Schnell und intelligent: Fresh Base ist mit ihrer Touchscreen-Men\u00fcoberfl\u00e4che intuitiv einfach zu bedienen und bietet den Servicekr\u00e4ften interaktive Komfortfunktionen. Neue Mitarbeiter und Teilzeitkr\u00e4fte k\u00f6nnen so schon nach k\u00fcrzester Einarbeitungszeit ohne weitere Hilfe und Schulungsma\u00dfnahmen die Waage rasch und fehlerfrei bedienen.<\/p>\n<\/div>\n<div class=\"textimage_cell\">\n<div class=\"imageDiv\"><img decoding=\"async\" src=\"https:\/\/media.mt.com\/dam\/product_organizations\/Retail\/Retail%20Product%20Pages%202016\/FreshBase_BAS_operation_thumb.jpg\/_jcr_content\/renditions\/cq5dam.web.1280.1280.jpeg\" alt=\"FreshBase Tower\" \/><\/div>\n<\/div>\n<\/div>\n<div class=\"clear_all\"><\/div>\n<\/div>\n<div class=\"textimage section\">\n<div class=\"textimage_row product_info\">\n<div class=\"textimage_cell\">\n<h2><b>Bew\u00e4hrte Funktionsvielfalt<br \/>\n<\/b><\/h2>\n<p><em>Ob EC-Cash, R\u00fcckverfolgung und vieles mehr<\/em><\/p>\n<\/div>\n<\/div>\n<div class=\"clear_all\"><\/div>\n<\/div>\n<div class=\"textimage section\">\n<div class=\"textimage_row product_info\">\n<div class=\"textimage_cell\">\n<h2><b>Schnelle Rollenwechsel<br \/>\n<\/b><\/h2>\n<p>2-Zoll-Bon \/ Etikettendrucker\u00a0<b><br \/>\n<\/b><\/p>\n<\/div>\n<div class=\"textimage_cell\">\n<div class=\"imageDiv\"><img decoding=\"async\" src=\"https:\/\/media.mt.com\/dam\/product_organizations\/Retail\/Retail%20Product%20Pages%202016\/FreshBase_BAS_roll_thumb.jpg\/_jcr_content\/renditions\/cq5dam.web.1280.1280.jpeg\" alt=\"FreshBase Tower\" \/><\/div>\n<\/div>\n<\/div>\n<\/div>\n<h1><\/h1>\n","protected":false},"excerpt":{"rendered":"<p>Mettler-Toledo Fresh Way Line PC-Waagen der n\u00e4chsten Generation mit TSE ( Technische Sicherheitseinrichtung ) FreshWay T sowie die FreshWay V \u00a0ist die neue METTLER TOLEDO Touchscreen-Waage f\u00fcr anspruchsvolle Unternehmen des Lebensmitteleinzelhandels. Mettler &#8211; Toledo FreshBase Tower mit Kundendisplay und TSE\u00a0 Eigenschaften und Vorteile Robuste Bauweise : Aluminiumdruckguss-Geh\u00e4use\u00a0 Einfache Bedienbarkeit Schnell und intelligent: Fresh Base ist &hellip; <\/p>\n<p><a class=\"more-link btn\" href=\"https:\/\/claussnitzer-waagen.de\/?page_id=15\">Weiterlesen<\/a><\/p>\n","protected":false},"author":1,"featured_media":0,"parent":0,"menu_order":0,"comment_status":"open","ping_status":"open","template":"","meta":[],"_links":{"self":[{"href":"https:\/\/claussnitzer-waagen.de\/index.php?rest_route=\/wp\/v2\/pages\/15"}],"collection":[{"href":"https:\/\/claussnitzer-waagen.de\/index.php?rest_route=\/wp\/v2\/pages"}],"about":[{"href":"https:\/\/claussnitzer-waagen.de\/index.php?rest_route=\/wp\/v2\/types\/page"}],"author":[{"embeddable":true,"href":"https:\/\/claussnitzer-waagen.de\/index.php?rest_route=\/wp\/v2\/users\/1"}],"replies":[{"embeddable":true,"href":"https:\/\/claussnitzer-waagen.de\/index.php?rest_route=%2Fwp%2Fv2%2Fcomments&post=15"}],"version-history":[{"count":42,"href":"https:\/\/claussnitzer-waagen.de\/index.php?rest_route=\/wp\/v2\/pages\/15\/revisions"}],"predecessor-version":[{"id":575,"href":"https:\/\/claussnitzer-waagen.de\/index.php?rest_route=\/wp\/v2\/pages\/15\/revisions\/575"}],"wp:attachment":[{"href":"https:\/\/claussnitzer-waagen.de\/index.php?rest_route=%2Fwp%2Fv2%2Fmedia&parent=15"}],"curies":[{"name":"wp","href":"https:\/\/api.w.org\/{rel}","templated":true}]}}