{"id":2,"date":"2013-11-16T22:40:10","date_gmt":"2013-11-16T22:40:10","guid":{"rendered":"http:\/\/peter-krick.de\/claussnitzer\/?page_id=2"},"modified":"2023-08-17T14:24:12","modified_gmt":"2023-08-17T13:24:12","slug":"beispiel-seite","status":"publish","type":"page","link":"https:\/\/claussnitzer-waagen.de\/","title":{"rendered":"Startseite"},"content":{"rendered":"<h1>WIR GEBEN WAAGEN DAS RICHTIGE GEWICHT SEIT 1951<br \/>\nVON TECHNIK, PERFEKTION UND DIENSTLEISTUNG<\/h1>\n<address>Technische Innovationen in bew\u00e4hrter Qualit\u00e4t und Perfektion waren und sind der Motor der Firma Clau\u00dfnitzer seit \u00fcber 70 Jahren in<em> <strong>SACH<\/strong><strong>SEN<\/strong>, <strong>TH\u00dcRINGEN<\/strong>, <strong>SACHSEN-ANHALT<\/strong>, &nbsp;<\/em><strong><em>BRANDENBURG,<\/em> <\/strong>und<em> <strong>NORDBAYERN<\/strong> <\/em>im Bereich Wiegen, Schneiden und Kassieren!<\/address>\n<p>Wir sind ein Team von technischen K\u00f6pfen und handwerklich geschickten H\u00e4nden mit wirtschaftlichem Verstand und dienstleistungsorientiertem Handeln. Vom standardisierten Denken befreit ist es uns m\u00f6glich, Qualit\u00e4t auf Ihre W\u00fcnsche ma\u00dfzuschneidern. Gemeinsam finden wir die richtige Waage, Kasse, Schneidemaschine oder Warenwirtschaftssystem, das zu Ihnen passt.<\/p>\n<p>Wir w\u00fcrden uns freuen, auch Sie als zuk\u00fcnftigen Kunden unseres Unternehmens begr\u00fc\u00dfen zu d\u00fcrfen.<\/p>\n<p>Ihre Firma Clau\u00dfnitzer<br \/>\n<em><strong>eichamtlich zugelassener Instandsetzungsbetrieb<\/strong><\/em><\/p>\n<p><a href=\"https:\/\/claussnitzer-waagen.de\/wp-content\/uploads\/2013\/11\/fb_slide_1.jpg\">&nbsp;<\/a><\/p>\n","protected":false},"excerpt":{"rendered":"<p>WIR GEBEN WAAGEN DAS RICHTIGE GEWICHT SEIT 1951 VON TECHNIK, PERFEKTION UND DIENSTLEISTUNG Technische Innovationen in bew\u00e4hrter Qualit\u00e4t und Perfektion waren und sind der Motor der Firma Clau\u00dfnitzer seit \u00fcber 70 Jahren in SACHSEN, TH\u00dcRINGEN, SACHSEN-ANHALT, &nbsp;BRANDENBURG, und NORDBAYERN im Bereich Wiegen, Schneiden und Kassieren! Wir sind ein Team von technischen K\u00f6pfen und handwerklich geschickten &hellip; <\/p>\n<p><a class=\"more-link btn\" href=\"https:\/\/claussnitzer-waagen.de\/\">Weiterlesen<\/a><\/p>\n","protected":false},"author":1,"featured_media":589,"parent":0,"menu_order":0,"comment_status":"open","ping_status":"open","template":"","meta":[],"_links":{"self":[{"href":"https:\/\/claussnitzer-waagen.de\/index.php?rest_route=\/wp\/v2\/pages\/2"}],"collection":[{"href":"https:\/\/claussnitzer-waagen.de\/index.php?rest_route=\/wp\/v2\/pages"}],"about":[{"href":"https:\/\/claussnitzer-waagen.de\/index.php?rest_route=\/wp\/v2\/types\/page"}],"author":[{"embeddable":true,"href":"https:\/\/claussnitzer-waagen.de\/index.php?rest_route=\/wp\/v2\/users\/1"}],"replies":[{"embeddable":true,"href":"https:\/\/claussnitzer-waagen.de\/index.php?rest_route=%2Fwp%2Fv2%2Fcomments&post=2"}],"version-history":[{"count":27,"href":"https:\/\/claussnitzer-waagen.de\/index.php?rest_route=\/wp\/v2\/pages\/2\/revisions"}],"predecessor-version":[{"id":594,"href":"https:\/\/claussnitzer-waagen.de\/index.php?rest_route=\/wp\/v2\/pages\/2\/revisions\/594"}],"wp:featuredmedia":[{"embeddable":true,"href":"https:\/\/claussnitzer-waagen.de\/index.php?rest_route=\/wp\/v2\/media\/589"}],"wp:attachment":[{"href":"https:\/\/claussnitzer-waagen.de\/index.php?rest_route=%2Fwp%2Fv2%2Fmedia&parent=2"}],"curies":[{"name":"wp","href":"https:\/\/api.w.org\/{rel}","templated":true}]}}