{"id":27,"date":"2013-11-18T19:30:44","date_gmt":"2013-11-18T18:30:44","guid":{"rendered":"http:\/\/peter-krick.de\/claussnitzer\/?page_id=27"},"modified":"2023-08-02T21:17:32","modified_gmt":"2023-08-02T20:17:32","slug":"aktuelles","status":"publish","type":"page","link":"https:\/\/claussnitzer-waagen.de\/?page_id=27","title":{"rendered":"Aktuelles"},"content":{"rendered":"<h1><span style=\"color: #ffffff;\">CERA 3<\/span><\/h1>\n<h2>Die neue Beschichtung f\u00fcr Graef Schneidemaschinen<\/h2>\n<p><iframe loading=\"lazy\" src=\"\/\/www.youtube.com\/embed\/OLIY3GymobM?feature=player_detailpage\" width=\"600\" height=\"337,5\" frameborder=\"0\" allowfullscreen=\"allowfullscreen\"><\/iframe><\/p>\n<h1><span style=\"color: #ffffff;\">F\u00dcR JEDE ANFORDERUNG EINE L\u00d6SUNG &#8211; DIE NEUE GENERATION SCHNEIDEMASCHINEN AUS DEM HAUSE GRAEF<\/span><\/h1>\n<p><a href=\"http:\/\/claussnitzer-waagen.de\/wp-content\/uploads\/2014\/03\/Greaf-Schwungrad.jpg\"><img decoding=\"async\" loading=\"lazy\" class=\"aligncenter size-medium wp-image-152\" src=\"http:\/\/claussnitzer-waagen.de\/wp-content\/uploads\/2014\/03\/Greaf-Schwungrad-202x300.jpg\" alt=\"Greaf Schwungrad\" width=\"202\" height=\"300\" srcset=\"https:\/\/claussnitzer-waagen.de\/wp-content\/uploads\/2014\/03\/Greaf-Schwungrad-202x300.jpg 202w, https:\/\/claussnitzer-waagen.de\/wp-content\/uploads\/2014\/03\/Greaf-Schwungrad.jpg 432w\" sizes=\"(max-width: 202px) 100vw, 202px\" \/><\/a><\/p>\n","protected":false},"excerpt":{"rendered":"<p>CERA 3 Die neue Beschichtung f\u00fcr Graef Schneidemaschinen F\u00dcR JEDE ANFORDERUNG EINE L\u00d6SUNG &#8211; DIE NEUE GENERATION SCHNEIDEMASCHINEN AUS DEM HAUSE GRAEF<\/p>\n","protected":false},"author":1,"featured_media":0,"parent":0,"menu_order":1,"comment_status":"open","ping_status":"open","template":"","meta":[],"_links":{"self":[{"href":"https:\/\/claussnitzer-waagen.de\/index.php?rest_route=\/wp\/v2\/pages\/27"}],"collection":[{"href":"https:\/\/claussnitzer-waagen.de\/index.php?rest_route=\/wp\/v2\/pages"}],"about":[{"href":"https:\/\/claussnitzer-waagen.de\/index.php?rest_route=\/wp\/v2\/types\/page"}],"author":[{"embeddable":true,"href":"https:\/\/claussnitzer-waagen.de\/index.php?rest_route=\/wp\/v2\/users\/1"}],"replies":[{"embeddable":true,"href":"https:\/\/claussnitzer-waagen.de\/index.php?rest_route=%2Fwp%2Fv2%2Fcomments&post=27"}],"version-history":[{"count":12,"href":"https:\/\/claussnitzer-waagen.de\/index.php?rest_route=\/wp\/v2\/pages\/27\/revisions"}],"predecessor-version":[{"id":573,"href":"https:\/\/claussnitzer-waagen.de\/index.php?rest_route=\/wp\/v2\/pages\/27\/revisions\/573"}],"wp:attachment":[{"href":"https:\/\/claussnitzer-waagen.de\/index.php?rest_route=%2Fwp%2Fv2%2Fmedia&parent=27"}],"curies":[{"name":"wp","href":"https:\/\/api.w.org\/{rel}","templated":true}]}}