{"id":500,"date":"2020-11-11T19:12:18","date_gmt":"2020-11-11T18:12:18","guid":{"rendered":"https:\/\/claussnitzer-waagen.de\/?page_id=500"},"modified":"2020-11-11T21:34:22","modified_gmt":"2020-11-11T20:34:22","slug":"waagen-fuer-direktvermarkter","status":"publish","type":"page","link":"https:\/\/claussnitzer-waagen.de\/?page_id=500","title":{"rendered":"Waagen f\u00fcr M\u00e4rkte &#038; Direktvermarkter"},"content":{"rendered":"\n<h1 class=\"wp-block-heading\"><em><span style=\"color:#4c06e5\" class=\"has-inline-color\">Mettler Toledo bPlus<\/span><\/em><\/h1>\n\n\n\n<p><em>Bon- und Etikettendruck der n\u00e4chsten Generation<\/em><\/p>\n\n\n\n<p><strong>Richtlinieneinhaltung \u2013 Unterst\u00fctzt Fiskaldatensammlungen gem\u00e4ss lokalen EU-Richtlinien.<\/strong><\/p>\n\n\n\n<figure class=\"wp-block-gallery aligncenter columns-1 is-cropped wp-block-gallery-1 is-layout-flex\"><ul class=\"blocks-gallery-grid\"><li class=\"blocks-gallery-item\"><figure><img decoding=\"async\" loading=\"lazy\" width=\"1010\" height=\"300\" src=\"https:\/\/claussnitzer-waagen.de\/wp-content\/uploads\/2020\/11\/bplusjpeg.jpeg\" alt=\"\" data-id=\"519\" data-full-url=\"https:\/\/claussnitzer-waagen.de\/wp-content\/uploads\/2020\/11\/bplusjpeg.jpeg\" data-link=\"https:\/\/claussnitzer-waagen.de\/?attachment_id=519\" class=\"wp-image-519\" srcset=\"https:\/\/claussnitzer-waagen.de\/wp-content\/uploads\/2020\/11\/bplusjpeg.jpeg 1010w, https:\/\/claussnitzer-waagen.de\/wp-content\/uploads\/2020\/11\/bplusjpeg-300x89.jpeg 300w, https:\/\/claussnitzer-waagen.de\/wp-content\/uploads\/2020\/11\/bplusjpeg-768x228.jpeg 768w\" sizes=\"(max-width: 1010px) 100vw, 1010px\" \/><\/figure><\/li><\/ul><\/figure>\n\n\n\n<p>Schnelles und genaues W\u00e4gen und Bedienen. bPlus ist eine ergonomische und verl\u00e4ssliche Ladenwaage, die mit ihrer Stabilit\u00e4t, Verl\u00e4sslichkeit und leichten Bedienung bei den Bedienern f\u00fcr Begeisterung sorgen wird.<\/p>\n\n\n\n<figure class=\"wp-block-image size-large\"><img decoding=\"async\" loading=\"lazy\" width=\"1024\" height=\"684\" src=\"https:\/\/claussnitzer-waagen.de\/wp-content\/uploads\/2020\/11\/Mettler_bplus-1024x684.jpg\" alt=\"\" class=\"wp-image-526\" srcset=\"https:\/\/claussnitzer-waagen.de\/wp-content\/uploads\/2020\/11\/Mettler_bplus-1024x684.jpg 1024w, https:\/\/claussnitzer-waagen.de\/wp-content\/uploads\/2020\/11\/Mettler_bplus-300x200.jpg 300w, https:\/\/claussnitzer-waagen.de\/wp-content\/uploads\/2020\/11\/Mettler_bplus-768x513.jpg 768w, https:\/\/claussnitzer-waagen.de\/wp-content\/uploads\/2020\/11\/Mettler_bplus-1536x1025.jpg 1536w, https:\/\/claussnitzer-waagen.de\/wp-content\/uploads\/2020\/11\/Mettler_bplus-2048x1367.jpg 2048w\" sizes=\"(max-width: 1024px) 100vw, 1024px\" \/><figcaption>R\u00fcckansicht der Mettler &#8211; Toledo b Plus<\/figcaption><\/figure>\n\n\n\n<figure class=\"wp-block-gallery aligncenter columns-1 is-cropped wp-block-gallery-3 is-layout-flex\"><ul class=\"blocks-gallery-grid\"><li class=\"blocks-gallery-item\"><figure><img decoding=\"async\" loading=\"lazy\" width=\"350\" height=\"300\" src=\"https:\/\/claussnitzer-waagen.de\/wp-content\/uploads\/2020\/11\/bplus-flach.jpeg\" alt=\"\" data-id=\"515\" data-full-url=\"https:\/\/claussnitzer-waagen.de\/wp-content\/uploads\/2020\/11\/bplus-flach.jpeg\" data-link=\"https:\/\/claussnitzer-waagen.de\/?attachment_id=515\" class=\"wp-image-515\" srcset=\"https:\/\/claussnitzer-waagen.de\/wp-content\/uploads\/2020\/11\/bplus-flach.jpeg 350w, https:\/\/claussnitzer-waagen.de\/wp-content\/uploads\/2020\/11\/bplus-flach-300x257.jpeg 300w\" sizes=\"(max-width: 350px) 100vw, 350px\" \/><figcaption class=\"blocks-gallery-item__caption\">Mettler &#8211; Toledo b Plus C2<\/figcaption><\/figure><\/li><\/ul><\/figure>\n\n\n\n<h2 class=\"wp-block-heading\"><span style=\"color:#4c06e5\" class=\"has-inline-color\"><strong><em>Mettler &#8211; Toledo bDrive<\/em><\/strong><\/span><\/h2>\n\n\n\n<p><em>Entwickelt f\u00fcr offene Marktst\u00e4nde, mobile Verkaufsaktivit\u00e4ten und belebte Einzelhandels-umgebungen<\/em><\/p>\n\n\n\n<ul><li><strong>Richtlinieneinhaltung \u2013 Unterst\u00fctzt Fiskaldatensammlungen gem\u00e4ss lokalen EU-Richtlinien.<\/strong><\/li><li><strong>Zentrale Bonausgabe \u2013 leicht zug\u00e4nglich an der Vorderseite, erm\u00f6glicht schnelle Papierwechsel<\/strong><\/li><\/ul>\n\n\n\n<figure class=\"wp-block-gallery aligncenter columns-1 is-cropped wp-block-gallery-5 is-layout-flex\"><ul class=\"blocks-gallery-grid\"><li class=\"blocks-gallery-item\"><figure><img decoding=\"async\" loading=\"lazy\" width=\"1000\" height=\"1000\" src=\"https:\/\/claussnitzer-waagen.de\/wp-content\/uploads\/2020\/11\/home-bdrive.jpg\" alt=\"\" data-id=\"532\" data-full-url=\"https:\/\/claussnitzer-waagen.de\/wp-content\/uploads\/2020\/11\/home-bdrive.jpg\" data-link=\"https:\/\/claussnitzer-waagen.de\/?attachment_id=532\" class=\"wp-image-532\" srcset=\"https:\/\/claussnitzer-waagen.de\/wp-content\/uploads\/2020\/11\/home-bdrive.jpg 1000w, https:\/\/claussnitzer-waagen.de\/wp-content\/uploads\/2020\/11\/home-bdrive-300x300.jpg 300w, https:\/\/claussnitzer-waagen.de\/wp-content\/uploads\/2020\/11\/home-bdrive-150x150.jpg 150w, https:\/\/claussnitzer-waagen.de\/wp-content\/uploads\/2020\/11\/home-bdrive-768x768.jpg 768w\" sizes=\"(max-width: 1000px) 100vw, 1000px\" \/><figcaption class=\"blocks-gallery-item__caption\">Mettler &#8211; Toledo bDrive<br>Optional mit Akku Betrieb<\/figcaption><\/figure><\/li><\/ul><\/figure>\n\n\n\n<figure class=\"wp-block-gallery aligncenter columns-1 is-cropped wp-block-gallery-7 is-layout-flex\"><ul class=\"blocks-gallery-grid\"><li class=\"blocks-gallery-item\"><figure><img decoding=\"async\" loading=\"lazy\" width=\"1000\" height=\"1000\" src=\"https:\/\/claussnitzer-waagen.de\/wp-content\/uploads\/2020\/11\/home-bdrivehoch-1.jpg\" alt=\"\" data-id=\"534\" data-full-url=\"https:\/\/claussnitzer-waagen.de\/wp-content\/uploads\/2020\/11\/home-bdrivehoch-1.jpg\" data-link=\"https:\/\/claussnitzer-waagen.de\/?attachment_id=534\" class=\"wp-image-534\" srcset=\"https:\/\/claussnitzer-waagen.de\/wp-content\/uploads\/2020\/11\/home-bdrivehoch-1.jpg 1000w, https:\/\/claussnitzer-waagen.de\/wp-content\/uploads\/2020\/11\/home-bdrivehoch-1-300x300.jpg 300w, https:\/\/claussnitzer-waagen.de\/wp-content\/uploads\/2020\/11\/home-bdrivehoch-1-150x150.jpg 150w, https:\/\/claussnitzer-waagen.de\/wp-content\/uploads\/2020\/11\/home-bdrivehoch-1-768x768.jpg 768w\" sizes=\"(max-width: 1000px) 100vw, 1000px\" \/><figcaption class=\"blocks-gallery-item__caption\">R\u00fcckansicht der Metter &#8211; Toledo bDrive<\/figcaption><\/figure><\/li><\/ul><\/figure>\n\n\n\n<h2 class=\"wp-block-heading\"><strong><em><span style=\"color:#4c06e5\" class=\"has-inline-color\">Mettler &#8211; Toledo b Mobile<\/span><\/em><\/strong><\/h2>\n\n\n\n<p><em>Waage mit Bondruckfunktion &#8211; Funktional. Langlebig. Sparsam.<\/em><\/p>\n\n\n\n<p><strong>Richtlinieneinhaltung \u2013 Unterst\u00fctzt Fiskaldatensammlungen gem\u00e4ss lokalen EU-Richtlinien.<\/strong><\/p>\n\n\n\n<div class=\"wp-block-image\"><figure class=\"aligncenter size-large\"><img decoding=\"async\" loading=\"lazy\" width=\"1024\" height=\"684\" src=\"https:\/\/claussnitzer-waagen.de\/wp-content\/uploads\/2020\/11\/bMobile-1024x684.jpg\" alt=\"\" class=\"wp-image-529\" srcset=\"https:\/\/claussnitzer-waagen.de\/wp-content\/uploads\/2020\/11\/bMobile-1024x684.jpg 1024w, https:\/\/claussnitzer-waagen.de\/wp-content\/uploads\/2020\/11\/bMobile-300x200.jpg 300w, https:\/\/claussnitzer-waagen.de\/wp-content\/uploads\/2020\/11\/bMobile-768x513.jpg 768w, https:\/\/claussnitzer-waagen.de\/wp-content\/uploads\/2020\/11\/bMobile-1536x1025.jpg 1536w, https:\/\/claussnitzer-waagen.de\/wp-content\/uploads\/2020\/11\/bMobile.jpg 2000w\" sizes=\"(max-width: 1024px) 100vw, 1024px\" \/><\/figure><\/div>\n\n\n\n<p>Die kosteng\u00fcnstige digitale Waage bMobile von METTLER TOLEDO bietet schnellen und genauen W\u00e4geservice und ist mit einem Bondrucker ausgestattet, der Ihnen die Arbeit erleichtert. Ein optionaler Akkusatz bietet vollst\u00e4ndige Unabh\u00e4ngigkeit von Stromquellen.&nbsp;<\/p>\n\n\n\n<h2 class=\"wp-block-heading\"><span style=\"color:#4c06e5\" class=\"has-inline-color\"><strong><em>Mettler &#8211; Toledo b Rite Advanced<\/em><\/strong><\/span><\/h2>\n\n\n\n<p>Die bRite Advanced bietet h\u00f6chste Qualit\u00e4t zu einem erschwinglichen Preis. Sie ist robust und schnell und arbeitet h\u00f6chst pr\u00e4zise &#8211; unabh\u00e4ngig von Ihrer Verkaufsumgebung. <\/p>\n\n\n\n<div class=\"wp-block-image\"><figure class=\"aligncenter size-large is-resized\"><img decoding=\"async\" loading=\"lazy\" src=\"https:\/\/claussnitzer-waagen.de\/wp-content\/uploads\/2020\/11\/Mettler-Toledo-bRite-1.jpg\" alt=\"\" class=\"wp-image-508\" width=\"422\" height=\"324\" srcset=\"https:\/\/claussnitzer-waagen.de\/wp-content\/uploads\/2020\/11\/Mettler-Toledo-bRite-1.jpg 800w, https:\/\/claussnitzer-waagen.de\/wp-content\/uploads\/2020\/11\/Mettler-Toledo-bRite-1-300x231.jpg 300w, https:\/\/claussnitzer-waagen.de\/wp-content\/uploads\/2020\/11\/Mettler-Toledo-bRite-1-768x591.jpg 768w\" sizes=\"(max-width: 422px) 100vw, 422px\" \/><figcaption>Mettler bRide mit Akku und ohne Drucker <\/figcaption><\/figure><\/div>\n\n\n\n<p><\/p>\n","protected":false},"excerpt":{"rendered":"<p>Mettler Toledo bPlus Bon- und Etikettendruck der n\u00e4chsten Generation Richtlinieneinhaltung \u2013 Unterst\u00fctzt Fiskaldatensammlungen gem\u00e4ss lokalen EU-Richtlinien. Schnelles und genaues W\u00e4gen und Bedienen. bPlus ist eine ergonomische und verl\u00e4ssliche Ladenwaage, die mit ihrer Stabilit\u00e4t, Verl\u00e4sslichkeit und leichten Bedienung bei den Bedienern f\u00fcr Begeisterung sorgen wird. Mettler &#8211; Toledo bDrive Entwickelt f\u00fcr offene Marktst\u00e4nde, mobile Verkaufsaktivit\u00e4ten und &hellip; <\/p>\n<p><a class=\"more-link btn\" href=\"https:\/\/claussnitzer-waagen.de\/?page_id=500\">Weiterlesen<\/a><\/p>\n","protected":false},"author":1,"featured_media":0,"parent":0,"menu_order":0,"comment_status":"closed","ping_status":"closed","template":"","meta":[],"_links":{"self":[{"href":"https:\/\/claussnitzer-waagen.de\/index.php?rest_route=\/wp\/v2\/pages\/500"}],"collection":[{"href":"https:\/\/claussnitzer-waagen.de\/index.php?rest_route=\/wp\/v2\/pages"}],"about":[{"href":"https:\/\/claussnitzer-waagen.de\/index.php?rest_route=\/wp\/v2\/types\/page"}],"author":[{"embeddable":true,"href":"https:\/\/claussnitzer-waagen.de\/index.php?rest_route=\/wp\/v2\/users\/1"}],"replies":[{"embeddable":true,"href":"https:\/\/claussnitzer-waagen.de\/index.php?rest_route=%2Fwp%2Fv2%2Fcomments&post=500"}],"version-history":[{"count":11,"href":"https:\/\/claussnitzer-waagen.de\/index.php?rest_route=\/wp\/v2\/pages\/500\/revisions"}],"predecessor-version":[{"id":538,"href":"https:\/\/claussnitzer-waagen.de\/index.php?rest_route=\/wp\/v2\/pages\/500\/revisions\/538"}],"wp:attachment":[{"href":"https:\/\/claussnitzer-waagen.de\/index.php?rest_route=%2Fwp%2Fv2%2Fmedia&parent=500"}],"curies":[{"name":"wp","href":"https:\/\/api.w.org\/{rel}","templated":true}]}}