{"id":7,"date":"2013-11-17T00:23:31","date_gmt":"2013-11-16T23:23:31","guid":{"rendered":"http:\/\/peter-krick.de\/claussnitzer\/?page_id=7"},"modified":"2013-11-17T00:23:31","modified_gmt":"2013-11-16T23:23:31","slug":"impressum","status":"publish","type":"page","link":"https:\/\/claussnitzer-waagen.de\/?page_id=7","title":{"rendered":"Impressum"},"content":{"rendered":"<p>1. Impressum nach \u00a76 TDG<\/p>\n<p>Herausgeber:<\/p>\n<p>Firma Clau\u00dfnitzer<br \/>\nInhaber: Karl-Heinz Baatzsch<br \/>\nLeisniger Stra\u00dfe 9<br \/>\n01127 Dresden<\/p>\n<p>Tel. (0351) 8 48 93 39<br \/>\nFax (0351) 8 48 93 64<\/p>\n<p>USt-ID. DE 140 220 562<\/p>\n<p>E-Mail:\u00a0 <a href=\"mailto:info@claussnitzer-waagen.de\">info@claussnitzer-waagen.de<\/a><br \/>\nInternet: <a href=\"http:\/\/www.claussnitzer-waagen.de\" target=\"_blank\">www.claussnitzer-waagen.de<\/a><\/p>\n<p>2. Copyright-Information:<\/p>\n<p>Die Inhalte dieser Homepage sind urheberrechtlich gesch\u00fctzt. Alle Rechte, insbesondere die der Vervielf\u00e4ltigung, der \u00dcbersetzung, der Verwendung in elektronischen bzw. mechanischen Systemen und der Wiedergabe der Homepage in jeder Form beh\u00e4lt sich der Urheber vor. Dazu geh\u00f6ren auch jede sonstige systematische Auswertung und Verbreitung der Inhalte dieser Homepage. Eine Nutzung der Texte, Programme und Abbildungen, auch auszugsweise, bedarf der vorherigen schriftlichen Zustimmung der Fa. Clau\u00dfnitzer.<\/p>\n<p>In den vorliegenden Inhalten werden eingetragene, registrierte Marken, Handelsnamen und Gebrauchsnamen verwendet. Auch wenn diese nicht als solche gekennzeichnet sind, haben die entsprechenden Schutzbestimmungen volle Geltung.<\/p>\n<p>3. Haftungsausschluss<\/p>\n<p>Die Inhalte dieser Homepage werden laufend \u00fcberpr\u00fcft und erforderlichenfalls aktualisiert. F\u00fcr Sch\u00e4den, die im unmittelbaren oder mittelbaren Zusammenhang mit den Informationen auf der Homepage entstehen, kann keine Haftung \u00fcbernommen werden. Jegliche Nutzung dieser Internet-Seiten oder aller anderen mit diesen verbundenen Link-Seiten, sowie deren Inhalt, geschieht auf eigene Gefahr des Nutzers. Diese Internet-Seiten enthalten auch Informationen von Dritten und weisen auf andere Internet-Seiten hin. Wo immer m\u00f6glich, ist dies entsprechend markiert. F\u00fcr die Informationen von Dritten wird keine Haftung \u00fcbernommen.<\/p>\n","protected":false},"excerpt":{"rendered":"<p>1. Impressum nach \u00a76 TDG Herausgeber: Firma Clau\u00dfnitzer Inhaber: Karl-Heinz Baatzsch Leisniger Stra\u00dfe 9 01127 Dresden Tel. (0351) 8 48 93 39 Fax (0351) 8 48 93 64 USt-ID. DE 140 220 562 E-Mail:\u00a0 info@claussnitzer-waagen.de Internet: www.claussnitzer-waagen.de 2. Copyright-Information: Die Inhalte dieser Homepage sind urheberrechtlich gesch\u00fctzt. Alle Rechte, insbesondere die der Vervielf\u00e4ltigung, der \u00dcbersetzung, der &hellip; <\/p>\n<p><a class=\"more-link btn\" href=\"https:\/\/claussnitzer-waagen.de\/?page_id=7\">Weiterlesen<\/a><\/p>\n","protected":false},"author":1,"featured_media":0,"parent":0,"menu_order":0,"comment_status":"open","ping_status":"open","template":"","meta":[],"_links":{"self":[{"href":"https:\/\/claussnitzer-waagen.de\/index.php?rest_route=\/wp\/v2\/pages\/7"}],"collection":[{"href":"https:\/\/claussnitzer-waagen.de\/index.php?rest_route=\/wp\/v2\/pages"}],"about":[{"href":"https:\/\/claussnitzer-waagen.de\/index.php?rest_route=\/wp\/v2\/types\/page"}],"author":[{"embeddable":true,"href":"https:\/\/claussnitzer-waagen.de\/index.php?rest_route=\/wp\/v2\/users\/1"}],"replies":[{"embeddable":true,"href":"https:\/\/claussnitzer-waagen.de\/index.php?rest_route=%2Fwp%2Fv2%2Fcomments&post=7"}],"version-history":[{"count":1,"href":"https:\/\/claussnitzer-waagen.de\/index.php?rest_route=\/wp\/v2\/pages\/7\/revisions"}],"predecessor-version":[{"id":8,"href":"https:\/\/claussnitzer-waagen.de\/index.php?rest_route=\/wp\/v2\/pages\/7\/revisions\/8"}],"wp:attachment":[{"href":"https:\/\/claussnitzer-waagen.de\/index.php?rest_route=%2Fwp%2Fv2%2Fmedia&parent=7"}],"curies":[{"name":"wp","href":"https:\/\/api.w.org\/{rel}","templated":true}]}}